{"id":2,"date":"2015-10-20T16:18:11","date_gmt":"2015-10-20T16:18:11","guid":{"rendered":"http:\/\/szalayferenc.hu\/?page_id=2"},"modified":"2015-11-04T08:55:29","modified_gmt":"2015-11-04T08:55:29","slug":"ez-egy-minta-oldal","status":"publish","type":"page","link":"https:\/\/szalayferenc.hu\/","title":{"rendered":"F\u0151oldal"},"content":{"rendered":"<p>[et_pb_section admin_label=&#8221;section&#8221; transparent_background=&#8221;on&#8221; allow_player_pause=&#8221;off&#8221; inner_shadow=&#8221;off&#8221; parallax=&#8221;on&#8221; parallax_method=&#8221;off&#8221; padding_mobile=&#8221;on&#8221; make_fullwidth=&#8221;off&#8221; use_custom_width=&#8221;off&#8221; width_unit=&#8221;on&#8221; make_equal=&#8221;off&#8221; use_custom_gutter=&#8221;off&#8221; background_image=&#8221;https:\/\/szalayferenc.hu\/wp-content\/uploads\/2015\/10\/szfsetany1.jpg&#8221; custom_padding=&#8221;50px|100px&#8221;][et_pb_row admin_label=&#8221;row&#8221; make_fullwidth=&#8221;on&#8221; use_custom_width=&#8221;off&#8221; width_unit=&#8221;on&#8221; use_custom_gutter=&#8221;off&#8221; padding_mobile=&#8221;on&#8221; allow_player_pause=&#8221;off&#8221; parallax=&#8221;off&#8221; parallax_method=&#8221;off&#8221; make_equal=&#8221;off&#8221; column_padding_mobile=&#8221;on&#8221; custom_padding=&#8221;20px|150px&#8221;][et_pb_column type=&#8221;4_4&#8243;][et_pb_text admin_label=&#8221;Szalay Ferenc&#8221; background_layout=&#8221;dark&#8221; text_orientation=&#8221;right&#8221; use_border_color=&#8221;off&#8221; border_color=&#8221;#ffffff&#8221; border_style=&#8221;solid&#8221; custom_padding=&#8221;30px|0px|60px|20px&#8221; text_text_color=&#8221;#ffffff&#8221; text_font_size=&#8221;80&#8243; text_letter_spacing=&#8221;3px&#8221; text_font=&#8221;|on|||&#8221;]<\/p>\n<p style=\"text-align: right;\">SZALAY FERENC<\/p>\n<p>[\/et_pb_text][et_pb_text admin_label=&#8221;Sz\u00f6veg&#8221; background_layout=&#8221;dark&#8221; text_orientation=&#8221;right&#8221; use_border_color=&#8221;off&#8221; border_color=&#8221;#ffffff&#8221; border_style=&#8221;solid&#8221; custom_padding=&#8221;80px|0px|120px|20px&#8221; text_font_size=&#8221;40&#8243; text_letter_spacing=&#8221;3px&#8221; text_font=&#8221;|on|||&#8221; text_text_color=&#8221;#3b579d&#8221; custom_css_main_element=&#8221;color: #3b579d !important;&#8221;]<\/p>\n<p style=\"text-align: right;\"><a style=\"color: #3b579d !important;\" href=\"https:\/\/www.facebook.com\/szalayferenc\/\" target=\"_blank\"><img loading=\"lazy\" decoding=\"async\" class=\"alignnone wp-image-105 size-full\" src=\"https:\/\/szalayferenc.hu\/wp-content\/uploads\/2015\/10\/fb-logo.png\" alt=\"fb-logo\" width=\"40\" height=\"40\" \/>riss h\u00edrek\u00bb<\/a><\/p>\n<p>[\/et_pb_text][\/et_pb_column][\/et_pb_row][\/et_pb_section][et_pb_section admin_label=&#8221;section&#8221; background_image=&#8221;https:\/\/szalayferenc.hu\/wp-content\/uploads\/2015\/10\/Szalay-gyermekkor.jpg&#8221; transparent_background=&#8221;on&#8221; allow_player_pause=&#8221;off&#8221; inner_shadow=&#8221;off&#8221; parallax=&#8221;on&#8221; parallax_method=&#8221;off&#8221; padding_mobile=&#8221;on&#8221; make_fullwidth=&#8221;off&#8221; use_custom_width=&#8221;off&#8221; width_unit=&#8221;on&#8221; make_equal=&#8221;off&#8221; use_custom_gutter=&#8221;off&#8221; custom_padding=&#8221;100px|100px&#8221;][et_pb_row admin_label=&#8221;row&#8221; make_fullwidth=&#8221;off&#8221; use_custom_width=&#8221;on&#8221; width_unit=&#8221;on&#8221; use_custom_gutter=&#8221;off&#8221; padding_mobile=&#8221;on&#8221; allow_player_pause=&#8221;off&#8221; parallax=&#8221;off&#8221; parallax_method=&#8221;off&#8221; make_equal=&#8221;off&#8221; column_padding_mobile=&#8221;on&#8221; custom_padding=&#8221;50px|50px&#8221; background_color=&#8221;rgba(255,255,255,0.52)&#8221; custom_width_px=&#8221;800px&#8221;][et_pb_column type=&#8221;4_4&#8243;][et_pb_text admin_label=&#8221;Szolnokis\u00e1g&#8221; background_layout=&#8221;light&#8221; text_orientation=&#8221;left&#8221; use_border_color=&#8221;off&#8221; border_color=&#8221;#ffffff&#8221; border_style=&#8221;solid&#8221; max_width=&#8221;800&#8243; custom_padding=&#8221;0px|20px|20px|20px&#8221; text_text_color=&#8221;#000000&#8243; text_font_size=&#8221;68&#8243; text_letter_spacing=&#8221;1px&#8221; custom_margin=&#8221;0px|0px|0px|0px&#8221;]<\/p>\n<p style=\"text-align: center;\"><strong>Szolnokis\u00e1g<\/strong><\/p>\n<p>[\/et_pb_text][et_pb_text admin_label=&#8221;Sz\u00f6veg&#8221; background_layout=&#8221;light&#8221; text_orientation=&#8221;left&#8221; use_border_color=&#8221;off&#8221; border_color=&#8221;#ffffff&#8221; border_style=&#8221;solid&#8221; max_width=&#8221;800&#8243; custom_padding=&#8221;20px|20px|20px|20px&#8221; text_text_color=&#8221;#000000&#8243; text_font_size=&#8221;18&#8243; text_letter_spacing=&#8221;1px&#8221;]<\/p>\n<p>Szolnokinak lenni neh\u00e9z, \u00e1m egyben nagyszer\u0171 dolog. Az itt \u00e9l\u0151knek mindig is t\u00f6bbet kellett dolgozniuk, mint az orsz\u00e1g szerencs\u00e9sebb r\u00e9szein \u00e9l\u0151knek. Tucatnyiszor \u00e9p\u00edtett\u00e9k \u00fajj\u00e1 eleink a v\u00e1rost, hol \u00e1rv\u00edz, hol t\u0171zv\u00e9sz, hol hadak rombolt\u00e1k porig, de a szolnokiak nem t\u00e1g\u00edtottak, s felt\u00e1masztott\u00e1k poraib\u00f3l szeretett otthonukat. \u00c1m ez a ragaszkod\u00e1s, a tenniakar\u00e1s egyszer\u0171en mag\u00e1hoz l\u00e1ncolja azt is, aki messzebbr\u0151l j\u00f6tt, s pillanatok alatt szolnokiv\u00e1 tesz. Megtiszteltet\u00e9s ez\u00e9rt a v\u00e1ros\u00e9rt dolgozni, s \u00e9letem meghat\u00e1roz\u00f3 \u00e9lm\u00e9nye figyelni \u00e9s seg\u00edteni, ahogyan er\u0151s\u00f6dik a lok\u00e1lpatriotizmus. A v\u00e1ros lak\u00f3inak fele nem itt sz\u00fcletett, a h\u00e1bor\u00fa ut\u00e1ni ipartelep\u00edt\u00e9ssel egy\u00fctt k\u00f6lt\u00f6ztek t\u00edzezrek Szolnokra. Nemes \u00e9s felemel\u0151 feladat, hogy a m\u00e1sutt sz\u00fcletettek \u00e9s a t\u0151sgy\u00f6keres szolnokiak k\u00f6z\u00f6sen teremts\u00e9k meg a j\u00f6v\u0151 Szolnokj\u00e1t, azt a v\u00e1rost, ahol j\u00f3 \u00e9lni, ahol lehet \u00e9s \u00e9rdemes tervezni a j\u00f6v\u0151t!<\/p>\n<p>[\/et_pb_text][\/et_pb_column][\/et_pb_row][\/et_pb_section][et_pb_section admin_label=&#8221;section&#8221; transparent_background=&#8221;off&#8221; allow_player_pause=&#8221;off&#8221; inner_shadow=&#8221;off&#8221; parallax=&#8221;off&#8221; parallax_method=&#8221;off&#8221; padding_mobile=&#8221;on&#8221; make_fullwidth=&#8221;off&#8221; use_custom_width=&#8221;off&#8221; width_unit=&#8221;on&#8221; make_equal=&#8221;off&#8221; use_custom_gutter=&#8221;off&#8221; background_color=&#8221;#769cbf&#8221; custom_padding=&#8221;150px|150px&#8221;][et_pb_row admin_label=&#8221;row&#8221; make_fullwidth=&#8221;off&#8221; use_custom_width=&#8221;off&#8221; width_unit=&#8221;on&#8221; use_custom_gutter=&#8221;off&#8221; custom_padding=&#8221;70px|70px&#8221; padding_mobile=&#8221;on&#8221; allow_player_pause=&#8221;off&#8221; parallax=&#8221;off&#8221; parallax_method=&#8221;off&#8221; make_equal=&#8221;off&#8221; column_padding_mobile=&#8221;on&#8221;][et_pb_column type=&#8221;4_4&#8243;][et_pb_text admin_label=&#8221;K\u00f6t\u0151d\u00e9s&#8221; background_layout=&#8221;dark&#8221; text_orientation=&#8221;left&#8221; use_border_color=&#8221;off&#8221; border_color=&#8221;#ffffff&#8221; border_style=&#8221;solid&#8221; text_font_size=&#8221;68&#8243; text_text_color=&#8221;#ffffff&#8221; text_font=&#8221;|on|||&#8221; custom_margin=&#8221;|0px||&#8221;]<\/p>\n<p>K\u00f6t\u0151d\u00e9s<\/p>\n<p>[\/et_pb_text][et_pb_text admin_label=&#8221;Sz\u00f6veg&#8221; background_layout=&#8221;dark&#8221; text_orientation=&#8221;left&#8221; use_border_color=&#8221;off&#8221; border_color=&#8221;#ffffff&#8221; border_style=&#8221;solid&#8221; text_font_size=&#8221;19&#8243; text_text_color=&#8221;#ffffff&#8221;]<\/p>\n<p style=\"text-align: center;\"><strong><img loading=\"lazy\" decoding=\"async\" class=\"size-medium wp-image-45 alignright\" src=\"https:\/\/szalayferenc.hu\/wp-content\/uploads\/2015\/10\/szolnok_1564_web-200x300.jpg\" alt=\"szolnok_1564_web\" width=\"200\" height=\"300\" srcset=\"https:\/\/szalayferenc.hu\/wp-content\/uploads\/2015\/10\/szolnok_1564_web-200x300.jpg 200w, https:\/\/szalayferenc.hu\/wp-content\/uploads\/2015\/10\/szolnok_1564_web-682x1024.jpg 682w, https:\/\/szalayferenc.hu\/wp-content\/uploads\/2015\/10\/szolnok_1564_web.jpg 853w\" sizes=\"auto, (max-width: 200px) 100vw, 200px\" \/><\/strong><\/p>\n<p>Esztergomi sz\u00fclet\u00e9s\u0171k\u00e9nt f\u0151iskol\u00e1sk\u00e9nt ismertem meg igaz\u00e1n Szolnokon. Egyb\u0151l mag\u00e1val ragadott a\u00a0k\u00e9t foly\u00f3 k\u00f6rnyezete, \u00edgy egyetlen percig sem volt k\u00e9rd\u00e9ses, hogy szolnoki feles\u00e9gemmel itt a Tisza partj\u00e1n teleped\u00fcnk le. Gyermekeim itt sz\u00fclettek, itt v\u00e1ltak feln\u0151tt\u00e9, s a mai napig otthonuknak tekintik ezt a v\u00e1rost. Tan\u00e1rk\u00e9nt, edz\u0151k\u00e9nt, majd int\u00e9zm\u00e9nyvezet\u0151k\u00e9nt, k\u00e9s\u0151bb pedig k\u00f6z\u00e9leti szerepl\u0151k\u00e9nt \u00e9letem nagyobbik fel\u00e9t m\u00e1r itt \u00e9ltem le, s ha b\u00e1rki megk\u00e9rdez, azonnal szolnokinak vallom magam. Persze ez nem is neh\u00e9z, hiszen oly sok eml\u00e9k, csal\u00e1di k\u00f6tel\u00e9k f\u0171z m\u00e1r ide, amiket elszak\u00edtani m\u00e1r lehetetlen.<\/p>\n<p>[\/et_pb_text][\/et_pb_column][\/et_pb_row][\/et_pb_section][et_pb_section admin_label=&#8221;section&#8221; background_image=&#8221;https:\/\/szalayferenc.hu\/wp-content\/uploads\/2015\/10\/szolnok_1453_web1.jpg&#8221; transparent_background=&#8221;off&#8221; allow_player_pause=&#8221;off&#8221; inner_shadow=&#8221;off&#8221; parallax=&#8221;on&#8221; parallax_method=&#8221;off&#8221; padding_mobile=&#8221;on&#8221; make_fullwidth=&#8221;off&#8221; use_custom_width=&#8221;off&#8221; width_unit=&#8221;on&#8221; make_equal=&#8221;off&#8221; use_custom_gutter=&#8221;off&#8221; custom_padding=&#8221;250px|50px&#8221;][et_pb_row admin_label=&#8221;row&#8221; make_fullwidth=&#8221;off&#8221; use_custom_width=&#8221;on&#8221; width_unit=&#8221;on&#8221; custom_width_px=&#8221;700px&#8221; use_custom_gutter=&#8221;off&#8221; padding_mobile=&#8221;off&#8221; allow_player_pause=&#8221;off&#8221; parallax=&#8221;off&#8221; parallax_method=&#8221;off&#8221; make_equal=&#8221;off&#8221; column_padding_mobile=&#8221;on&#8221; background_color=&#8221;rgba(255,255,255,0.58)&#8221;][et_pb_column type=&#8221;4_4&#8243;][et_pb_text admin_label=&#8221;Csal\u00e1d&#8221; background_layout=&#8221;light&#8221; text_orientation=&#8221;justified&#8221; use_border_color=&#8221;off&#8221; border_color=&#8221;#ffffff&#8221; border_style=&#8221;solid&#8221; max_width=&#8221;700&#8243; text_font_size=&#8221;68&#8243; text_text_color=&#8221;#353535&#8243; text_letter_spacing=&#8221;1px&#8221; custom_padding=&#8221;20px|20px|0px|20px&#8221;]<\/p>\n<p style=\"text-align: center;\"><strong>Csal\u00e1d<\/strong><\/p>\n<p>[\/et_pb_text][et_pb_text admin_label=&#8221;Sz\u00f6veg&#8221; background_layout=&#8221;light&#8221; text_orientation=&#8221;justified&#8221; use_border_color=&#8221;off&#8221; border_color=&#8221;#ffffff&#8221; border_style=&#8221;solid&#8221; max_width=&#8221;700&#8243; text_font_size=&#8221;18&#8243; text_text_color=&#8221;#353535&#8243; text_letter_spacing=&#8221;1px&#8221; custom_padding=&#8221;20px|20px|20px|20px&#8221;]<\/p>\n<p>Feles\u00e9gemmel k\u00e9t gyermeket nevelt\u00fcnk fel tisztess\u00e9gben, szeretetben. M\u00e1ra h\u00e1rom unok\u00e1nk aranyozza be napjainkat. Ugyan szinte lehetetlen feladat, de igyeksz\u00fcnk \u00e9let\u00fck \u00f6sszes fontos pillanat\u00e1ban r\u00e9szt venni, hiszen a csal\u00e1d mindkett\u0151nknek a legfontosabb! Ap\u00f3som r\u00e9gm\u00faltat feleleven\u00edt\u0151 t\u00f6rt\u00e9neteit mindig sz\u00edvesen hallgatom, l\u00e1nyommal a mai napig j\u00f3kat besz\u00e9lget\u00fcnk, pont \u00fagy, mint r\u00e9gen, csak m\u00e1r abban a r\u00e9gi fotelben nem f\u00e9r\u00fcnk el, melybe gyerekk\u00e9nt mindig mell\u00e9m huppant. Sz\u00e1momra fiam is ugyanaz a boh\u00e9m ifj\u00fa marad, akivel mindig \u00f6sszek\u00f6t a kos\u00e1rlabda szeretete. Kicsit furcsa tal\u00e1n, de ma m\u00e1r sokszor \u00e9n, az apa k\u00e9rek tan\u00e1csot t\u0151le, az egyre b\u00f6lcsebb \u00fcgyv\u00e9dt\u0151l.<\/p>\n<p>[\/et_pb_text][\/et_pb_column][\/et_pb_row][\/et_pb_section][et_pb_section admin_label=&#8221;section&#8221; background_image=&#8221;https:\/\/szalayferenc.hu\/wp-content\/uploads\/2015\/10\/szolnok_1575_web.jpg&#8221; transparent_background=&#8221;off&#8221; allow_player_pause=&#8221;off&#8221; inner_shadow=&#8221;off&#8221; parallax=&#8221;on&#8221; parallax_method=&#8221;off&#8221; padding_mobile=&#8221;off&#8221; make_fullwidth=&#8221;off&#8221; use_custom_width=&#8221;off&#8221; width_unit=&#8221;on&#8221; make_equal=&#8221;off&#8221; use_custom_gutter=&#8221;off&#8221; custom_padding=&#8221;60px|60px&#8221;][et_pb_row admin_label=&#8221;row&#8221; make_fullwidth=&#8221;off&#8221; use_custom_width=&#8221;off&#8221; width_unit=&#8221;on&#8221; custom_width_px=&#8221;430px&#8221; use_custom_gutter=&#8221;off&#8221; padding_mobile=&#8221;off&#8221; allow_player_pause=&#8221;off&#8221; parallax=&#8221;off&#8221; parallax_method=&#8221;off&#8221; make_equal=&#8221;off&#8221; column_padding_mobile=&#8221;on&#8221;][et_pb_column type=&#8221;4_4&#8243;][et_pb_text admin_label=&#8221;Mozg\u00e1sban&#8221; background_layout=&#8221;dark&#8221; text_orientation=&#8221;left&#8221; use_border_color=&#8221;off&#8221; border_color=&#8221;#ffffff&#8221; border_style=&#8221;solid&#8221; max_width=&#8221;440&#8243; text_font_size=&#8221;68&#8243; text_text_color=&#8221;#ffffff&#8221; custom_padding=&#8221;20px|20px|0px|20px&#8221; text_letter_spacing=&#8221;1px&#8221; text_line_height=&#8221;1.8em&#8221; background_color=&#8221;rgba(0,0,0,0.7)&#8221; custom_css_main_element=&#8221;margin-bottom: 0% !important;&#8221;]<\/p>\n<p><strong>Mozg\u00e1sban<\/strong><\/p>\n<p>[\/et_pb_text][et_pb_text admin_label=&#8221;Sz\u00f6veg&#8221; background_layout=&#8221;dark&#8221; text_orientation=&#8221;left&#8221; use_border_color=&#8221;off&#8221; border_color=&#8221;#ffffff&#8221; border_style=&#8221;solid&#8221; max_width=&#8221;440&#8243; text_font_size=&#8221;18&#8243; text_text_color=&#8221;#ffffff&#8221; custom_padding=&#8221;20px|20px|20px|20px&#8221; text_letter_spacing=&#8221;1px&#8221; text_line_height=&#8221;1.8em&#8221; background_color=&#8221;rgba(0,0,0,0.7)&#8221;]<\/p>\n<p>Sz\u00e1momra a mozg\u00e1s, a sport \u00e9ltet\u0151 er\u0151. Alighanem addig vagyok az az ember, mint most, am\u00edg visz el\u0151re a l\u00e1bam, ameddig m\u00e9g ker\u00e9kp\u00e1rra tudok pattanni, k\u00e9pes vagyok megfogni a tenisz\u00fct\u0151t, \u00f6r\u00f6mmel v\u00edvok meg n\u00e9h\u00e1ny l\u00e1bteniszcsat\u00e1t a bar\u00e1tokkal, net\u00e1n n\u00e9ha pattogtatunk a r\u00e9gi csapatt\u00e1rsakkal a kos\u00e1rp\u00e1ly\u00e1n. Ami a legnagyobb \u00f6r\u00f6m sz\u00e1momra, hogy nem vagyok egyed\u00fcl kocog\u00e1s, bicajoz\u00e1s k\u00f6zben, mert egyre t\u00f6bben gondolj\u00e1k \u00fagy: mozogni \u00f6r\u00f6m \u00e9s eg\u00e9szs\u00e9g egyszerre!<\/p>\n<p>[\/et_pb_text][\/et_pb_column][\/et_pb_row][\/et_pb_section]<\/p>\n","protected":false},"excerpt":{"rendered":"<p>[et_pb_section admin_label=&#8221;section&#8221; transparent_background=&#8221;on&#8221; allow_player_pause=&#8221;off&#8221; inner_shadow=&#8221;off&#8221; parallax=&#8221;on&#8221; parallax_method=&#8221;off&#8221; padding_mobile=&#8221;on&#8221; make_fullwidth=&#8221;off&#8221; use_custom_width=&#8221;off&#8221; width_unit=&#8221;on&#8221; make_equal=&#8221;off&#8221; use_custom_gutter=&#8221;off&#8221; background_image=&#8221;https:\/\/szalayferenc.hu\/wp-content\/uploads\/2015\/10\/szfsetany1.jpg&#8221; custom_padding=&#8221;50px|100px&#8221;][et_pb_row admin_label=&#8221;row&#8221; make_fullwidth=&#8221;on&#8221; use_custom_width=&#8221;off&#8221; width_unit=&#8221;on&#8221; use_custom_gutter=&#8221;off&#8221; padding_mobile=&#8221;on&#8221; allow_player_pause=&#8221;off&#8221; parallax=&#8221;off&#8221; parallax_method=&#8221;off&#8221; make_equal=&#8221;off&#8221; column_padding_mobile=&#8221;on&#8221; custom_padding=&#8221;20px|150px&#8221;][et_pb_column type=&#8221;4_4&#8243;][et_pb_text admin_label=&#8221;Szalay Ferenc&#8221; background_layout=&#8221;dark&#8221; text_orientation=&#8221;right&#8221; use_border_color=&#8221;off&#8221; border_color=&#8221;#ffffff&#8221; border_style=&#8221;solid&#8221; custom_padding=&#8221;30px|0px|60px|20px&#8221; text_text_color=&#8221;#ffffff&#8221; text_font_size=&#8221;80&#8243; text_letter_spacing=&#8221;3px&#8221; text_font=&#8221;|on|||&#8221;] SZALAY FERENC [\/et_pb_text][et_pb_text admin_label=&#8221;Sz\u00f6veg&#8221; background_layout=&#8221;dark&#8221; text_orientation=&#8221;right&#8221; use_border_color=&#8221;off&#8221; border_color=&#8221;#ffffff&#8221; border_style=&#8221;solid&#8221; custom_padding=&#8221;80px|0px|120px|20px&#8221; text_font_size=&#8221;40&#8243; text_letter_spacing=&#8221;3px&#8221; text_font=&#8221;|on|||&#8221; text_text_color=&#8221;#3b579d&#8221; custom_css_main_element=&#8221;color: [&hellip;]<\/p>\n","protected":false},"author":1,"featured_media":0,"parent":0,"menu_order":0,"comment_status":"closed","ping_status":"open","template":"","meta":{"footnotes":""},"class_list":["post-2","page","type-page","status-publish","hentry"],"_links":{"self":[{"href":"https:\/\/szalayferenc.hu\/index.php\/wp-json\/wp\/v2\/pages\/2","targetHints":{"allow":["GET"]}}],"collection":[{"href":"https:\/\/szalayferenc.hu\/index.php\/wp-json\/wp\/v2\/pages"}],"about":[{"href":"https:\/\/szalayferenc.hu\/index.php\/wp-json\/wp\/v2\/types\/page"}],"author":[{"embeddable":true,"href":"https:\/\/szalayferenc.hu\/index.php\/wp-json\/wp\/v2\/users\/1"}],"replies":[{"embeddable":true,"href":"https:\/\/szalayferenc.hu\/index.php\/wp-json\/wp\/v2\/comments?post=2"}],"version-history":[{"count":89,"href":"https:\/\/szalayferenc.hu\/index.php\/wp-json\/wp\/v2\/pages\/2\/revisions"}],"predecessor-version":[{"id":134,"href":"https:\/\/szalayferenc.hu\/index.php\/wp-json\/wp\/v2\/pages\/2\/revisions\/134"}],"wp:attachment":[{"href":"https:\/\/szalayferenc.hu\/index.php\/wp-json\/wp\/v2\/media?parent=2"}],"curies":[{"name":"wp","href":"https:\/\/api.w.org\/{rel}","templated":true}]}}